{"id":3491,"date":"2020-02-07T02:16:32","date_gmt":"2020-02-07T02:16:32","guid":{"rendered":"https:\/\/demo.casethemes.net\/consultio-digital-marketing\/?page_id=3491"},"modified":"2024-10-06T21:47:20","modified_gmt":"2024-10-06T21:47:20","slug":"politica-cookies","status":"publish","type":"page","link":"https:\/\/digitaltroupe.com\/index.php\/politica-cookies\/","title":{"rendered":"politica cookies"},"content":{"rendered":"\t\t<div data-elementor-type=\"wp-page\" data-elementor-id=\"3491\" class=\"elementor elementor-3491\">\n\t\t\t\t        <section class=\"elementor-section elementor-top-section elementor-element elementor-element-40fd8216 elementor-section-boxed elementor-section-height-default elementor-section-height-default ct-header-fixed-none ct-row-max-none\" data-id=\"40fd8216\" data-element_type=\"section\">\n            \n                        <div class=\"elementor-container elementor-column-gap-extended \">\n                    <div class=\"elementor-column elementor-col-100 elementor-top-column elementor-element elementor-element-2a114ffb\" data-id=\"2a114ffb\" data-element_type=\"column\">\n        <div class=\"elementor-widget-wrap elementor-element-populated\">\n                    \n        \t\t<div class=\"elementor-element elementor-element-e7c34af elementor-widget elementor-widget-ct_heading\" data-id=\"e7c34af\" data-element_type=\"widget\" data-widget_type=\"ct_heading.default\">\n\t\t\t\t<div class=\"elementor-widget-container\">\n\t\t\t<div id=\"ct_heading-e7c34af\" class=\"ct-heading h-align- sub-style2 ct-heading-left item-st-default\">\r\n\t<div class=\"ct-item--inner\">\r\n        <div class=\"ct-inline-css\"  data-css=\"\r\n            \">\r\n        <\/div>\r\n            \t\t<div class=\"item--sub-title style2 show-line\">\r\n                                                COOKIES                                                            <\/div>\r\n    \t        <h3 class=\"item--title st-default wow wow fadeInUp\" data-wow-delay=\"ms\">\r\n                        <span class=\"sp-main\">\r\n                \r\n                POL\u00cdTICA DE COOKIES\r\n                \r\n                            <\/span>\r\n                    <\/h3>\r\n    <\/div>\r\n<\/div>\t\t<\/div>\n\t\t\t\t<\/div>\n\t\t\t\t<div class=\"elementor-element elementor-element-10df5e6a wow fadeInUp elementor-widget elementor-widget-text-editor\" data-id=\"10df5e6a\" data-element_type=\"widget\" data-widget_type=\"text-editor.default\">\n\t\t\t\t<div class=\"elementor-widget-container\">\n\t\t\t\t\t\t\t<p><span style=\"color: var( --e-global-color-text );font-family: inherit;font-weight: inherit;letter-spacing: 0px\">\u00a0<\/span><\/p><p><span style=\"color: var( --e-global-color-text );font-family: inherit;font-weight: inherit;letter-spacing: 0px\">\u00a0<\/span><\/p><p><span style=\"color: var( --e-global-color-text );font-family: inherit;font-weight: inherit;letter-spacing: 0px\">El usuario ha sido informado de las cookies que utiliza este sitio web mediante el banner que aparece en la pantalla de inicio durante la primera navegaci\u00f3n por el sitio web, donde puede configurar las cookies seg\u00fan su preferencia, solicit\u00e1ndole el consentimiento y gestionando el mismo.<\/span><\/p><p>Nuestra web, adem\u00e1s de las cookies necesarias, t\u00e9cnicas o de sesi\u00f3n, almacena en su terminal las siguientes cookies:<\/p><p>Estas cookies tienen como finalidad monitorear el perfil de quienes acceden a nuestro sitio web, las p\u00e1ginas m\u00e1s visitadas, conversiones, dispositivos, ciudades y otros datos relevantes. Las cookies permanecer\u00e1n almacenadas en su dispositivo durante 24 meses o hasta que decida borrarlas.<\/p><p>Una cookie es una peque\u00f1a pieza de informaci\u00f3n, usualmente de pocos kilobytes, que queda almacenada en su terminal cuando visita nuestro sitio web. Gracias a la cookie, podemos recordar sus preferencias y otros datos relacionados con su navegaci\u00f3n en nuestro sitio.<\/p><p>Las cookies pueden ser propias o de terceros. Las <strong>cookies propias<\/strong> son enviadas a su terminal desde un equipo o dominio gestionado por nosotros. Las <strong>cookies de terceros<\/strong> se env\u00edan desde un equipo o dominio gestionado por otra entidad. Las cookies pueden estar activas desde unos minutos hasta varios a\u00f1os, o solo durante la sesi\u00f3n.<\/p><h3>Tipos de cookies seg\u00fan su finalidad<\/h3><ol><li><strong>Cookies t\u00e9cnicas<\/strong>: Permiten la navegaci\u00f3n por el sitio web y el uso de sus aplicaciones o servicios.<\/li><li><strong>Cookies de preferencias<\/strong>: Recuerdan sus preferencias para mejorar la experiencia de navegaci\u00f3n.<\/li><li><strong>Cookies de an\u00e1lisis o medici\u00f3n<\/strong>: Analizan su comportamiento en el sitio web y establecen m\u00e9tricas sobre la actividad del sitio y su impacto.<\/li><li><strong>Cookies de publicidad<\/strong>: Observan y recuerdan sus h\u00e1bitos de navegaci\u00f3n para crear un perfil espec\u00edfico de publicidad.<\/li><\/ol><h3>Detalles de las cookies utilizadas en digitaltroupe.com<\/h3><table><thead><tr><th><strong>NOMBRE<\/strong><\/th><th><strong>PROVEEDOR<\/strong><\/th><th><strong>FINALIDAD<\/strong><\/th><th><strong>TIPO<\/strong><\/th><th><strong>CADUCIDAD<\/strong><\/th><\/tr><\/thead><tbody><tr><td>Google Analytics<\/td><td>Google LLC<\/td><td>Recopilaci\u00f3n de datos estad\u00edsticos sobre la navegaci\u00f3n de los usuarios<\/td><td>Anal\u00edtica<\/td><td>2 a\u00f1os<\/td><\/tr><tr><td>Google reCAPTCHA<\/td><td>Google LLC<\/td><td>Protecci\u00f3n frente a env\u00edos automatizados de formularios<\/td><td>T\u00e9cnica<\/td><td>Sesi\u00f3n<\/td><\/tr><tr><td>WordPress Cookies<\/td><td>WordPress<\/td><td>Gesti\u00f3n de la sesi\u00f3n de usuario en la plataforma WordPress<\/td><td>T\u00e9cnica<\/td><td>Sesi\u00f3n<\/td><\/tr><tr><td>Elementor Cookies<\/td><td>Elementor<\/td><td>Configuraci\u00f3n de formularios y almacenamiento temporal de datos<\/td><td>T\u00e9cnica<\/td><td>Sesi\u00f3n<\/td><\/tr><\/tbody><\/table><h3>Gesti\u00f3n de Cookies<\/h3><p>Si lo deseas, puedes gestionar las cookies directamente desde tu navegador. La mayor\u00eda de los navegadores est\u00e1n configurados de forma predeterminada para aceptar cookies, pero puedes cambiar la configuraci\u00f3n para bloquearlas, borrarlas o gestionarlas seg\u00fan prefieras. Sin embargo, debes tener en cuenta que el bloqueo o la eliminaci\u00f3n de cookies podr\u00eda afectar al funcionamiento del sitio web.<\/p><p>Aqu\u00ed te ofrecemos enlaces a las gu\u00edas de los principales navegadores para que puedas gestionar las cookies seg\u00fan tus preferencias:<\/p><ul><li><strong>Chrome<\/strong>: <a href=\"https:\/\/support.google.com\/chrome\/answer\/95647?hl=es\" target=\"_new\" rel=\"noopener\">C\u00f3mo administrar cookies en Chrome<\/a><\/li><li><strong>Explorer<\/strong>: <a href=\"https:\/\/support.microsoft.com\/es-es\/topic\/eliminar-y-administrar-cookies-168dab11-0753-043d-7c16-ede5947fc64d\" target=\"_new\" rel=\"noopener\">C\u00f3mo administrar cookies en Internet Explorer<\/a><\/li><li><strong>Edge<\/strong>: <a href=\"https:\/\/support.microsoft.com\/es-es\/microsoft-edge\/eliminar-las-cookies-en-microsoft-edge-63947406-40ac-c3b8-57b9-2a946a29ae09\" target=\"_new\" rel=\"noopener\">C\u00f3mo administrar cookies en Microsoft Edge<\/a><\/li><li><strong>Safari<\/strong> (iPad, iPhone, iPod Touch): <a href=\"https:\/\/support.apple.com\/es-es\/HT201265\" target=\"_new\" rel=\"noopener\">C\u00f3mo administrar cookies en iOS<\/a><\/li><li><strong>Safari<\/strong> (Mac): Preferencias, Panel de privacidad.<\/li><li><strong>Firefox<\/strong>: <a href=\"https:\/\/support.mozilla.org\/es\/kb\/Borrar%20cookies\" target=\"_new\" rel=\"noopener\">C\u00f3mo administrar cookies en Firefox<\/a><\/li><\/ul>\t\t\t\t\t\t<\/div>\n\t\t\t\t<\/div>\n\t\t            <\/div>\n        <\/div>\n                    <\/div>\n        <\/section>\n        \t\t<\/div>\n\t\t","protected":false},"excerpt":{"rendered":"<p>COOKIES POL\u00cdTICA DE COOKIES \u00a0 \u00a0 El usuario ha sido informado de las cookies que utiliza este sitio web mediante el banner que aparece en la pantalla de inicio durante la primera navegaci\u00f3n por el sitio web, donde puede configurar las cookies seg\u00fan su preferencia, solicit\u00e1ndole el consentimiento y gestionando el mismo. Nuestra web, adem\u00e1s [&hellip;]<\/p>\n","protected":false},"author":1,"featured_media":0,"parent":0,"menu_order":0,"comment_status":"closed","ping_status":"closed","template":"","meta":{"_joinchat":[],"footnotes":""},"class_list":["post-3491","page","type-page","status-publish","hentry"],"yoast_head":"<!-- This site is optimized with the Yoast SEO plugin v23.8 - https:\/\/yoast.com\/wordpress\/plugins\/seo\/ -->\n<title>politica cookies - DigitalTroupe<\/title>\n<meta name=\"robots\" content=\"index, follow, max-snippet:-1, max-image-preview:large, max-video-preview:-1\" \/>\n<link rel=\"canonical\" href=\"https:\/\/digitaltroupe.com\/index.php\/politica-cookies\/\" \/>\n<meta property=\"og:locale\" content=\"es_ES\" \/>\n<meta property=\"og:type\" content=\"article\" \/>\n<meta property=\"og:title\" content=\"politica cookies - DigitalTroupe\" \/>\n<meta property=\"og:description\" content=\"COOKIES POL\u00cdTICA DE COOKIES \u00a0 \u00a0 El usuario ha sido informado de las cookies que utiliza este sitio web mediante el banner que aparece en la pantalla de inicio durante la primera navegaci\u00f3n por el sitio web, donde puede configurar las cookies seg\u00fan su preferencia, solicit\u00e1ndole el consentimiento y gestionando el mismo. Nuestra web, adem\u00e1s [&hellip;]\" \/>\n<meta property=\"og:url\" content=\"https:\/\/digitaltroupe.com\/index.php\/politica-cookies\/\" \/>\n<meta property=\"og:site_name\" content=\"DigitalTroupe\" \/>\n<meta property=\"article:modified_time\" content=\"2024-10-06T21:47:20+00:00\" \/>\n<meta name=\"twitter:card\" content=\"summary_large_image\" \/>\n<meta name=\"twitter:label1\" content=\"Tiempo de lectura\" \/>\n\t<meta name=\"twitter:data1\" content=\"3 minutos\" \/>\n<script type=\"application\/ld+json\" class=\"yoast-schema-graph\">{\"@context\":\"https:\/\/schema.org\",\"@graph\":[{\"@type\":\"WebPage\",\"@id\":\"https:\/\/digitaltroupe.com\/index.php\/politica-cookies\/\",\"url\":\"https:\/\/digitaltroupe.com\/index.php\/politica-cookies\/\",\"name\":\"politica cookies - DigitalTroupe\",\"isPartOf\":{\"@id\":\"https:\/\/digitaltroupe.com\/#website\"},\"datePublished\":\"2020-02-07T02:16:32+00:00\",\"dateModified\":\"2024-10-06T21:47:20+00:00\",\"breadcrumb\":{\"@id\":\"https:\/\/digitaltroupe.com\/index.php\/politica-cookies\/#breadcrumb\"},\"inLanguage\":\"es\",\"potentialAction\":[{\"@type\":\"ReadAction\",\"target\":[\"https:\/\/digitaltroupe.com\/index.php\/politica-cookies\/\"]}]},{\"@type\":\"BreadcrumbList\",\"@id\":\"https:\/\/digitaltroupe.com\/index.php\/politica-cookies\/#breadcrumb\",\"itemListElement\":[{\"@type\":\"ListItem\",\"position\":1,\"name\":\"Portada\",\"item\":\"https:\/\/digitaltroupe.com\/\"},{\"@type\":\"ListItem\",\"position\":2,\"name\":\"politica cookies\"}]},{\"@type\":\"WebSite\",\"@id\":\"https:\/\/digitaltroupe.com\/#website\",\"url\":\"https:\/\/digitaltroupe.com\/\",\"name\":\"DigitalTroupe\",\"description\":\"\",\"potentialAction\":[{\"@type\":\"SearchAction\",\"target\":{\"@type\":\"EntryPoint\",\"urlTemplate\":\"https:\/\/digitaltroupe.com\/?s={search_term_string}\"},\"query-input\":{\"@type\":\"PropertyValueSpecification\",\"valueRequired\":true,\"valueName\":\"search_term_string\"}}],\"inLanguage\":\"es\"}]}<\/script>\n<!-- \/ Yoast SEO plugin. -->","yoast_head_json":{"title":"politica cookies - DigitalTroupe","robots":{"index":"index","follow":"follow","max-snippet":"max-snippet:-1","max-image-preview":"max-image-preview:large","max-video-preview":"max-video-preview:-1"},"canonical":"https:\/\/digitaltroupe.com\/index.php\/politica-cookies\/","og_locale":"es_ES","og_type":"article","og_title":"politica cookies - DigitalTroupe","og_description":"COOKIES POL\u00cdTICA DE COOKIES \u00a0 \u00a0 El usuario ha sido informado de las cookies que utiliza este sitio web mediante el banner que aparece en la pantalla de inicio durante la primera navegaci\u00f3n por el sitio web, donde puede configurar las cookies seg\u00fan su preferencia, solicit\u00e1ndole el consentimiento y gestionando el mismo. Nuestra web, adem\u00e1s [&hellip;]","og_url":"https:\/\/digitaltroupe.com\/index.php\/politica-cookies\/","og_site_name":"DigitalTroupe","article_modified_time":"2024-10-06T21:47:20+00:00","twitter_card":"summary_large_image","twitter_misc":{"Tiempo de lectura":"3 minutos"},"schema":{"@context":"https:\/\/schema.org","@graph":[{"@type":"WebPage","@id":"https:\/\/digitaltroupe.com\/index.php\/politica-cookies\/","url":"https:\/\/digitaltroupe.com\/index.php\/politica-cookies\/","name":"politica cookies - DigitalTroupe","isPartOf":{"@id":"https:\/\/digitaltroupe.com\/#website"},"datePublished":"2020-02-07T02:16:32+00:00","dateModified":"2024-10-06T21:47:20+00:00","breadcrumb":{"@id":"https:\/\/digitaltroupe.com\/index.php\/politica-cookies\/#breadcrumb"},"inLanguage":"es","potentialAction":[{"@type":"ReadAction","target":["https:\/\/digitaltroupe.com\/index.php\/politica-cookies\/"]}]},{"@type":"BreadcrumbList","@id":"https:\/\/digitaltroupe.com\/index.php\/politica-cookies\/#breadcrumb","itemListElement":[{"@type":"ListItem","position":1,"name":"Portada","item":"https:\/\/digitaltroupe.com\/"},{"@type":"ListItem","position":2,"name":"politica cookies"}]},{"@type":"WebSite","@id":"https:\/\/digitaltroupe.com\/#website","url":"https:\/\/digitaltroupe.com\/","name":"DigitalTroupe","description":"","potentialAction":[{"@type":"SearchAction","target":{"@type":"EntryPoint","urlTemplate":"https:\/\/digitaltroupe.com\/?s={search_term_string}"},"query-input":{"@type":"PropertyValueSpecification","valueRequired":true,"valueName":"search_term_string"}}],"inLanguage":"es"}]}},"jetpack_sharing_enabled":true,"_links":{"self":[{"href":"https:\/\/digitaltroupe.com\/index.php\/wp-json\/wp\/v2\/pages\/3491","targetHints":{"allow":["GET"]}}],"collection":[{"href":"https:\/\/digitaltroupe.com\/index.php\/wp-json\/wp\/v2\/pages"}],"about":[{"href":"https:\/\/digitaltroupe.com\/index.php\/wp-json\/wp\/v2\/types\/page"}],"author":[{"embeddable":true,"href":"https:\/\/digitaltroupe.com\/index.php\/wp-json\/wp\/v2\/users\/1"}],"replies":[{"embeddable":true,"href":"https:\/\/digitaltroupe.com\/index.php\/wp-json\/wp\/v2\/comments?post=3491"}],"version-history":[{"count":14,"href":"https:\/\/digitaltroupe.com\/index.php\/wp-json\/wp\/v2\/pages\/3491\/revisions"}],"predecessor-version":[{"id":7441,"href":"https:\/\/digitaltroupe.com\/index.php\/wp-json\/wp\/v2\/pages\/3491\/revisions\/7441"}],"wp:attachment":[{"href":"https:\/\/digitaltroupe.com\/index.php\/wp-json\/wp\/v2\/media?parent=3491"}],"curies":[{"name":"wp","href":"https:\/\/api.w.org\/{rel}","templated":true}]}}